{"id":2459,"date":"2024-10-14T08:43:47","date_gmt":"2024-10-14T08:43:47","guid":{"rendered":"https:\/\/mejorinteres.es\/?page_id=2459"},"modified":"2024-10-14T09:17:10","modified_gmt":"2024-10-14T09:17:10","slug":"contactar","status":"publish","type":"page","link":"https:\/\/meilleurinteret.fr\/es\/contactar\/","title":{"rendered":"Contactar"},"content":{"rendered":"<section class=\"gb-container gb-container-ad3752fd fondo-gris\">\n<div class=\"gb-container gb-container-b268dd05\">\n<div class=\"gb-container gb-container-0079fd75\">\n\n<h1 class=\"gb-headline gb-headline-02445323 gb-headline-text\">Contactar<\/h1>\n\n\n\n<h5 class=\"gb-headline gb-headline-80c293e2 gb-headline-text\">Escr\u00edbenos si tienes cualquier duda sobre nuestros servicio.<\/h5>\n\n\n<div class=\"gb-container gb-container-08dbb7b8\">\n\n<div class=\"wp-block-contact-form-7-contact-form-selector\">\n<div class=\"wpcf7 no-js\" id=\"wpcf7-f2446-o1\" lang=\"es-ES\" dir=\"ltr\" data-wpcf7-id=\"2446\">\n<div class=\"screen-reader-response\"><p role=\"status\" aria-live=\"polite\" aria-atomic=\"true\"><\/p> <ul><\/ul><\/div>\n<form action=\"\/es\/wp-json\/wp\/v2\/pages\/2459#wpcf7-f2446-o1\" method=\"post\" class=\"wpcf7-form init\" aria-label=\"Formulario de contacto\" novalidate=\"novalidate\" data-status=\"init\">\n<fieldset class=\"hidden-fields-container\"><input type=\"hidden\" name=\"_wpcf7\" value=\"2446\" \/><input type=\"hidden\" name=\"_wpcf7_version\" value=\"6.1.3\" \/><input type=\"hidden\" name=\"_wpcf7_locale\" value=\"es_ES\" \/><input type=\"hidden\" name=\"_wpcf7_unit_tag\" value=\"wpcf7-f2446-o1\" \/><input type=\"hidden\" name=\"_wpcf7_container_post\" value=\"0\" \/><input type=\"hidden\" name=\"_wpcf7_posted_data_hash\" value=\"\" \/><input type=\"hidden\" name=\"_wpcf7_recaptcha_response\" value=\"\" \/>\n<\/fieldset>\n<p><label> <span class=\"wpcf7-form-control-wrap\" data-name=\"your-name\"><input size=\"40\" maxlength=\"400\" class=\"wpcf7-form-control wpcf7-text wpcf7-validates-as-required\" aria-required=\"true\" aria-invalid=\"false\" placeholder=\"Tu nombre y apellidos *\" value=\"\" type=\"text\" name=\"your-name\" \/><\/span> <\/label>\n<\/p>\n<p><label> <span class=\"wpcf7-form-control-wrap\" data-name=\"your-email\"><input size=\"40\" maxlength=\"400\" class=\"wpcf7-form-control wpcf7-email wpcf7-validates-as-required wpcf7-text wpcf7-validates-as-email\" aria-required=\"true\" aria-invalid=\"false\" placeholder=\"Tu correo electr\u00f3nico *\" value=\"\" type=\"email\" name=\"your-email\" \/><\/span> <\/label>\n<\/p>\n<p><label> <span class=\"wpcf7-form-control-wrap\" data-name=\"your-phone\"><input size=\"40\" maxlength=\"400\" class=\"wpcf7-form-control wpcf7-text\" aria-invalid=\"false\" placeholder=\"Tu tel\u00e9fono\" value=\"\" type=\"text\" name=\"your-phone\" \/><\/span> <\/label>\n<\/p>\n<p><label> <span class=\"wpcf7-form-control-wrap\" data-name=\"your-message\"><textarea cols=\"40\" rows=\"5\" maxlength=\"2000\" class=\"wpcf7-form-control wpcf7-textarea wpcf7-validates-as-required\" aria-required=\"true\" aria-invalid=\"false\" placeholder=\"D\u00e9janos tu mensaje *\" name=\"your-message\"><\/textarea><\/span> <\/label>\n<\/p>\n<p><span class=\"wpcf7-form-control-wrap\" data-name=\"acceptance-407\"><span class=\"wpcf7-form-control wpcf7-acceptance\"><span class=\"wpcf7-list-item\"><label><input type=\"checkbox\" name=\"acceptance-407\" value=\"1\" aria-invalid=\"false\" \/><span class=\"wpcf7-list-item-label\">He le\u00eddo y acepto la <a href=\"https:\/\/mejorinteres.es\/politica-privacidad\/\">pol\u00edtica de privacidad.<\/a><\/span><\/label><\/span><\/span><\/span>\n<\/p>\n<p><input class=\"wpcf7-form-control wpcf7-submit has-spinner\" type=\"submit\" value=\"Enviar\" \/>\n<\/p><div class=\"wpcf7-response-output\" aria-hidden=\"true\"><\/div>\n<\/form>\n<\/div>\n<\/div>\n\n<\/div>\n<\/div>\n\n<div class=\"gb-container gb-container-0f9e7a7c\">\n<div class=\"gb-container gb-container-5428fd24\">\n\n<figure class=\"gb-block-image gb-block-image-8f94ff43\"><img loading=\"lazy\" decoding=\"async\" width=\"600\" height=\"876\" class=\"gb-image gb-image-8f94ff43\" src=\"https:\/\/mejorinteres.es\/wp-content\/uploads\/2024\/10\/mejorInteres-hipoteca-familia-feliz-2.jpg\" alt=\"\" title=\"mejorInteres-hipoteca-familia-feliz\" srcset=\"https:\/\/meilleurinteret.fr\/wp-content\/uploads\/2024\/10\/mejorInteres-hipoteca-familia-feliz-2.jpg 600w, https:\/\/meilleurinteret.fr\/wp-content\/uploads\/2024\/10\/mejorInteres-hipoteca-familia-feliz-2-205x300.jpg 205w\" sizes=\"auto, (max-width: 600px) 100vw, 600px\" \/><\/figure>\n\n<\/div>\n<\/div>\n<\/div>\n<\/section>\n\n<section class=\"gb-container gb-container-fcf4037d\">\n<div class=\"gb-container gb-container-d9532a12 mycontainer\">\n<div class=\"gb-container gb-container-5dc6885c\">\n\n<h2 class=\"gb-headline gb-headline-d7f4223c gb-headline-text\" id=\"quehacemos\">Consigue el mejor inter\u00e9s, porcentaje financiado y plazo <\/h2>\n\n<\/div>\n\n<div class=\"gb-container gb-container-62283390\">\n\n<h4 class=\"gb-headline gb-headline-1e23ff3a gb-headline-text\">Busca el inmueble de tus sue\u00f1os y nosotros te ayudamos a tener la mejor financiaci\u00f3n. Mejoramos el inter\u00e9s de mercado y te ayudamos a subir el porcentaje financiado y el plazo de tu hipoteca.<\/h4>\n\n\n\n<h5 class=\"gb-headline gb-headline-cd5ab899 gb-headline-text\">Ponemos a tu servicio toda nuestra experiencia y conocimiento del mercado para obtener las mejores condiciones de bancos espa\u00f1oles&nbsp;y franceses. Te proponemos opciones que se adaptan a tus necesidades y mejoran las condiciones de mercado. Y, cuando elijas la que te m\u00e1s te interesa, nos encargamos de toda la gesti\u00f3n.<\/h5>\n\n<\/div>\n<\/div>\n<\/section>\n\n<section class=\"gb-container gb-container-7f96a65b\">\n<div class=\"gb-container gb-container-fd4c5288 mycontainer-grid\">\n<div class=\"gb-grid-wrapper gb-grid-wrapper-dcc05887\">\n<div class=\"gb-grid-column gb-grid-column-3a752f0b\"><div class=\"gb-container gb-container-3a752f0b borde-gris\">\n\n<h3 class=\"gb-headline gb-headline-f82b631d gb-headline-text\">Accede a las mejores tasas y condiciones<\/h3>\n\n\n\n<p class=\"gb-headline gb-headline-a5be0c31 gb-headline-text\">Nuestra experiencia con diferentes entidades financieras nos permite tener acceso a mejores condiciones.<\/p>\n\n<\/div><\/div>\n\n<div class=\"gb-grid-column gb-grid-column-51a01642\"><div class=\"gb-container gb-container-51a01642 borde-gris\">\n\n<h3 class=\"gb-headline gb-headline-3afc19ce gb-headline-text\">Cuenta con toda la informaci\u00f3n<\/h3>\n\n\n\n<p class=\"gb-headline gb-headline-f42e60d2 gb-headline-text\">Te ayudamos a que tomes la mejor decisi\u00f3n con toda la informaci\u00f3n que necesitas: completa y transparente.<\/p>\n\n<\/div><\/div>\n\n<div class=\"gb-grid-column gb-grid-column-55868429\"><div class=\"gb-container gb-container-55868429 borde-gris\">\n\n<h3 class=\"gb-headline gb-headline-088f53e9 gb-headline-text\">Ahorra tiempo en todos los tr\u00e1mites<\/h3>\n\n\n\n<p class=\"gb-headline gb-headline-ca4cb7cd gb-headline-text\">Consigue r\u00e1pidamente las mejores opciones de financiaci\u00f3n con las condiciones que m\u00e1s te beneficien.<\/p>\n\n<\/div><\/div>\n<\/div>\n\n<div class=\"gb-container gb-container-b7930676\"><\/div>\n<\/div>\n<\/section>","protected":false},"excerpt":{"rendered":"<p>Contactar Escr\u00edbenos si tienes cualquier duda sobre nuestros servicio. Consigue el mejor inter\u00e9s, porcentaje financiado y plazo Busca el inmueble de tus sue\u00f1os y nosotros te ayudamos a tener la mejor financiaci\u00f3n. Mejoramos el inter\u00e9s de mercado y te ayudamos a subir el porcentaje financiado y el plazo de tu hipoteca. Ponemos a tu servicio &#8230; <a title=\"Contactar\" class=\"read-more\" href=\"https:\/\/meilleurinteret.fr\/es\/contactar\/\" aria-label=\"Leer m\u00e1s sobre Contactar\">Leer m\u00e1s<\/a><\/p>\n","protected":false},"author":1,"featured_media":0,"parent":0,"menu_order":1,"comment_status":"closed","ping_status":"closed","template":"","meta":{"footnotes":""},"class_list":["post-2459","page","type-page","status-publish"],"_links":{"self":[{"href":"https:\/\/meilleurinteret.fr\/es\/wp-json\/wp\/v2\/pages\/2459","targetHints":{"allow":["GET"]}}],"collection":[{"href":"https:\/\/meilleurinteret.fr\/es\/wp-json\/wp\/v2\/pages"}],"about":[{"href":"https:\/\/meilleurinteret.fr\/es\/wp-json\/wp\/v2\/types\/page"}],"author":[{"embeddable":true,"href":"https:\/\/meilleurinteret.fr\/es\/wp-json\/wp\/v2\/users\/1"}],"replies":[{"embeddable":true,"href":"https:\/\/meilleurinteret.fr\/es\/wp-json\/wp\/v2\/comments?post=2459"}],"version-history":[{"count":12,"href":"https:\/\/meilleurinteret.fr\/es\/wp-json\/wp\/v2\/pages\/2459\/revisions"}],"predecessor-version":[{"id":2487,"href":"https:\/\/meilleurinteret.fr\/es\/wp-json\/wp\/v2\/pages\/2459\/revisions\/2487"}],"wp:attachment":[{"href":"https:\/\/meilleurinteret.fr\/es\/wp-json\/wp\/v2\/media?parent=2459"}],"curies":[{"name":"wp","href":"https:\/\/api.w.org\/{rel}","templated":true}]}}